{"id":524,"date":"2023-12-05T14:36:48","date_gmt":"2023-12-05T14:36:48","guid":{"rendered":"https:\/\/adultconstruct.ro\/?post_type=product&#038;p=524"},"modified":"2023-12-07T10:35:12","modified_gmt":"2023-12-07T10:35:12","slug":"grinzi-lamelare-105-x-105mm","status":"publish","type":"product","link":"https:\/\/adultconstruct.ro\/en\/product\/grinzi-lamelare-105-x-105mm\/","title":{"rendered":"LAMINATED BEAMS \u2013 105 x 105mm"},"content":{"rendered":"<p>Planed lamellar beams, made of 5 layers of solid softwood (spruce\/fir). Durable structural elements with resistance to bending, used in construction.<\/p>\n<p>Quality: AB<br \/>\nSurface: planed 4 sides<br \/>\nAdhesive:<br \/>\nEPI, MF<br \/>\nDry: 12% (+\/-2%)<\/p>","protected":false},"excerpt":{"rendered":"<p>Grinzi lamelare rindeluite, realizate din 5 straturi din lemn masiv din r\u0103\u0219inoase (molid\/brad). Elemente structurale durabile cu rezisten\u021b\u0103 la \u00eencovoiere, utilizate \u00een construc\u021bii. Calitate: AB Suprafa\u021b\u0103: rindeluit\u0103 4 fe\u021be Adeziv: EPI, MF Uscat: 12% (+\/-2%)<\/p>","protected":false},"featured_media":525,"comment_status":"open","ping_status":"closed","template":"","meta":{"_et_pb_use_builder":"","_et_pb_old_content":"","_et_gb_content_width":""},"product_cat":[36],"product_tag":[],"class_list":{"0":"post-524","1":"product","2":"type-product","3":"status-publish","4":"has-post-thumbnail","6":"product_cat-grinzi","8":"first","9":"instock","10":"shipping-taxable","11":"product-type-simple"},"_links":{"self":[{"href":"https:\/\/adultconstruct.ro\/en\/wp-json\/wp\/v2\/product\/524","targetHints":{"allow":["GET"]}}],"collection":[{"href":"https:\/\/adultconstruct.ro\/en\/wp-json\/wp\/v2\/product"}],"about":[{"href":"https:\/\/adultconstruct.ro\/en\/wp-json\/wp\/v2\/types\/product"}],"replies":[{"embeddable":true,"href":"https:\/\/adultconstruct.ro\/en\/wp-json\/wp\/v2\/comments?post=524"}],"wp:featuredmedia":[{"embeddable":true,"href":"https:\/\/adultconstruct.ro\/en\/wp-json\/wp\/v2\/media\/525"}],"wp:attachment":[{"href":"https:\/\/adultconstruct.ro\/en\/wp-json\/wp\/v2\/media?parent=524"}],"wp:term":[{"taxonomy":"product_cat","embeddable":true,"href":"https:\/\/adultconstruct.ro\/en\/wp-json\/wp\/v2\/product_cat?post=524"},{"taxonomy":"product_tag","embeddable":true,"href":"https:\/\/adultconstruct.ro\/en\/wp-json\/wp\/v2\/product_tag?post=524"}],"curies":[{"name":"wp","href":"https:\/\/api.w.org\/{rel}","templated":true}]}}