{"id":529,"date":"2023-12-06T14:01:23","date_gmt":"2023-12-06T14:01:23","guid":{"rendered":"https:\/\/adultconstruct.ro\/?post_type=product&#038;p=529"},"modified":"2023-12-07T10:34:22","modified_gmt":"2023-12-07T10:34:22","slug":"bagheta-lemn-de-imbinare-5-x-28mm","status":"publish","type":"product","link":"https:\/\/adultconstruct.ro\/en\/product\/bagheta-lemn-de-imbinare-5-x-28mm\/","title":{"rendered":"JOINTING WOODEN ROD \u2013 5 x 28mm"},"content":{"rendered":"<p>Joint rod made of solid softwood (spruce\/fir). Decorative plinth with rounded edges and smooth back, used when joining interior wall cladding.<\/p>\n<p>Quality: AB<br \/>\nPackaging: 40 pcs.\/pack<\/p>","protected":false},"excerpt":{"rendered":"<p>Baghet\u0103 de \u00eembinare din lemn masiv de r\u0103\u0219inoase (molid\/brad). Plint\u0103 decorativ\u0103 cu suprafa\u021b\u0103 rotunjt\u0103 la canturi \u0219i spate neted, utilizat\u0103 la \u00eembinarea plac\u0103rilor pere\u021bilor interiori. Calitate: AB Ambalare: 40 buc.\/pachet<\/p>","protected":false},"featured_media":530,"comment_status":"open","ping_status":"closed","template":"","meta":{"_et_pb_use_builder":"","_et_pb_old_content":"","_et_gb_content_width":""},"product_cat":[37],"product_tag":[],"class_list":{"0":"post-529","1":"product","2":"type-product","3":"status-publish","4":"has-post-thumbnail","6":"product_cat-accesorii","8":"first","9":"instock","10":"shipping-taxable","11":"product-type-simple"},"_links":{"self":[{"href":"https:\/\/adultconstruct.ro\/en\/wp-json\/wp\/v2\/product\/529","targetHints":{"allow":["GET"]}}],"collection":[{"href":"https:\/\/adultconstruct.ro\/en\/wp-json\/wp\/v2\/product"}],"about":[{"href":"https:\/\/adultconstruct.ro\/en\/wp-json\/wp\/v2\/types\/product"}],"replies":[{"embeddable":true,"href":"https:\/\/adultconstruct.ro\/en\/wp-json\/wp\/v2\/comments?post=529"}],"wp:featuredmedia":[{"embeddable":true,"href":"https:\/\/adultconstruct.ro\/en\/wp-json\/wp\/v2\/media\/530"}],"wp:attachment":[{"href":"https:\/\/adultconstruct.ro\/en\/wp-json\/wp\/v2\/media?parent=529"}],"wp:term":[{"taxonomy":"product_cat","embeddable":true,"href":"https:\/\/adultconstruct.ro\/en\/wp-json\/wp\/v2\/product_cat?post=529"},{"taxonomy":"product_tag","embeddable":true,"href":"https:\/\/adultconstruct.ro\/en\/wp-json\/wp\/v2\/product_tag?post=529"}],"curies":[{"name":"wp","href":"https:\/\/api.w.org\/{rel}","templated":true}]}}